{"id":1325,"date":"2023-04-27T10:51:54","date_gmt":"2023-04-27T10:51:54","guid":{"rendered":"https:\/\/dhelalbadelevante.org.es\/?page_id=1325"},"modified":"2024-02-27T18:25:34","modified_gmt":"2024-02-27T18:25:34","slug":"inicio","status":"publish","type":"page","link":"https:\/\/dhelalbadelevante.org.es\/","title":{"rendered":"Inicio"},"content":{"rendered":"\t\t<div data-elementor-type=\"wp-page\" data-elementor-id=\"1325\" class=\"elementor elementor-1325\">\n\t\t\t\t\t\t<section class=\"elementor-section elementor-top-section elementor-element elementor-element-6648f66 elementor-section-height-min-height elementor-section-boxed elementor-section-height-default elementor-section-items-middle\" data-id=\"6648f66\" data-element_type=\"section\" data-e-type=\"section\" data-settings=\"{&quot;background_background&quot;:&quot;classic&quot;}\">\n\t\t\t\t\t\t\t<div class=\"elementor-background-overlay\"><\/div>\n\t\t\t\t\t\t\t<div class=\"elementor-container elementor-column-gap-default\">\n\t\t\t\t\t<div class=\"elementor-column elementor-col-100 elementor-top-column elementor-element elementor-element-589bb21\" data-id=\"589bb21\" data-element_type=\"column\" data-e-type=\"column\">\n\t\t\t<div class=\"elementor-widget-wrap elementor-element-populated\">\n\t\t\t\t\t\t<section class=\"elementor-section elementor-inner-section elementor-element elementor-element-780f93f elementor-section-boxed elementor-section-height-default elementor-section-height-default\" data-id=\"780f93f\" data-element_type=\"section\" data-e-type=\"section\">\n\t\t\t\t\t\t<div class=\"elementor-container elementor-column-gap-default\">\n\t\t\t\t\t<div class=\"elementor-column elementor-col-33 elementor-inner-column elementor-element elementor-element-baea86c\" data-id=\"baea86c\" data-element_type=\"column\" data-e-type=\"column\">\n\t\t\t<div class=\"elementor-widget-wrap\">\n\t\t\t\t\t\t\t<\/div>\n\t\t<\/div>\n\t\t\t\t<div class=\"elementor-column elementor-col-33 elementor-inner-column elementor-element elementor-element-1ec561b\" data-id=\"1ec561b\" data-element_type=\"column\" data-e-type=\"column\">\n\t\t\t<div class=\"elementor-widget-wrap elementor-element-populated\">\n\t\t\t\t\t\t<div class=\"elementor-element elementor-element-992af11 elementor-widget elementor-widget-image\" data-id=\"992af11\" data-element_type=\"widget\" data-e-type=\"widget\" data-widget_type=\"image.default\">\n\t\t\t\t<div class=\"elementor-widget-container\">\n\t\t\t\t\t\t\t\t\t\t\t\t\t\t\t<img fetchpriority=\"high\" decoding=\"async\" width=\"938\" height=\"938\" src=\"https:\/\/dhelalbadelevante.org.es\/wp-content\/uploads\/2023\/05\/images-removebg-preview-60x60.png\" class=\"attachment-large size-large wp-image-1448\" alt=\"\" srcset=\"https:\/\/dhelalbadelevante.org.es\/wp-content\/uploads\/2023\/05\/images-removebg-preview.png 1x, https:\/\/dhelalbadelevante.org.es\/wp-content\/uploads\/2023\/04\/cropped-images-removebg-preview.png 2x\" sizes=\"(max-width: 938px) 100vw, 938px\" \/>\t\t\t\t\t\t\t\t\t\t\t\t\t\t\t<\/div>\n\t\t\t\t<\/div>\n\t\t\t\t\t<\/div>\n\t\t<\/div>\n\t\t\t\t<div class=\"elementor-column elementor-col-33 elementor-inner-column elementor-element elementor-element-85717db\" data-id=\"85717db\" data-element_type=\"column\" data-e-type=\"column\">\n\t\t\t<div class=\"elementor-widget-wrap\">\n\t\t\t\t\t\t\t<\/div>\n\t\t<\/div>\n\t\t\t\t\t<\/div>\n\t\t<\/section>\n\t\t\t\t<div class=\"elementor-element elementor-element-38044dc elementor-widget elementor-widget-nav-menu\" data-id=\"38044dc\" data-element_type=\"widget\" data-e-type=\"widget\" data-widget_type=\"nav-menu.default\">\n\t\t\t\t<div class=\"elementor-widget-container\">\n\t\t\t\t\t \t\t\t\t<\/div>\n\t\t\t\t<\/div>\n\t\t\t\t\t<\/div>\n\t\t<\/div>\n\t\t\t\t\t<\/div>\n\t\t<\/section>\n\t\t\t\t<section class=\"elementor-section elementor-top-section elementor-element elementor-element-3b72dc2 elementor-section-height-min-height elementor-section-boxed elementor-section-height-default elementor-section-items-middle\" data-id=\"3b72dc2\" data-element_type=\"section\" data-e-type=\"section\" data-settings=\"{&quot;background_background&quot;:&quot;classic&quot;}\">\n\t\t\t\t\t\t\t<div class=\"elementor-background-overlay\"><\/div>\n\t\t\t\t\t\t\t<div class=\"elementor-container elementor-column-gap-default\">\n\t\t\t\t\t<div class=\"elementor-column elementor-col-100 elementor-top-column elementor-element elementor-element-3528778\" data-id=\"3528778\" data-element_type=\"column\" data-e-type=\"column\">\n\t\t\t<div class=\"elementor-widget-wrap\">\n\t\t\t\t\t\t\t<\/div>\n\t\t<\/div>\n\t\t\t\t\t<\/div>\n\t\t<\/section>\n\t\t\t\t<section class=\"elementor-section elementor-top-section elementor-element elementor-element-41d68ca elementor-section-height-min-height elementor-section-boxed elementor-section-height-default elementor-section-items-middle\" data-id=\"41d68ca\" data-element_type=\"section\" data-e-type=\"section\" data-settings=\"{&quot;background_background&quot;:&quot;classic&quot;}\">\n\t\t\t\t\t\t\t<div class=\"elementor-background-overlay\"><\/div>\n\t\t\t\t\t\t\t<div class=\"elementor-container elementor-column-gap-default\">\n\t\t\t\t\t<div class=\"elementor-column elementor-col-100 elementor-top-column elementor-element elementor-element-f82931a\" data-id=\"f82931a\" data-element_type=\"column\" data-e-type=\"column\">\n\t\t\t<div class=\"elementor-widget-wrap elementor-element-populated\">\n\t\t\t\t\t\t<div class=\"elementor-element elementor-element-922f30e elementor-widget elementor-widget-spacer\" data-id=\"922f30e\" data-element_type=\"widget\" data-e-type=\"widget\" data-widget_type=\"spacer.default\">\n\t\t\t\t<div class=\"elementor-widget-container\">\n\t\t\t\t\t\t\t<div class=\"elementor-spacer\">\n\t\t\t<div class=\"elementor-spacer-inner\"><\/div>\n\t\t<\/div>\n\t\t\t\t\t\t<\/div>\n\t\t\t\t<\/div>\n\t\t\t\t<section class=\"elementor-section elementor-inner-section elementor-element elementor-element-b144d01 elementor-section-boxed elementor-section-height-default elementor-section-height-default\" data-id=\"b144d01\" data-element_type=\"section\" data-e-type=\"section\">\n\t\t\t\t\t\t<div class=\"elementor-container elementor-column-gap-default\">\n\t\t\t\t\t<div class=\"elementor-column elementor-col-100 elementor-inner-column elementor-element elementor-element-1de1c48\" data-id=\"1de1c48\" data-element_type=\"column\" data-e-type=\"column\">\n\t\t\t<div class=\"elementor-widget-wrap elementor-element-populated\">\n\t\t\t\t\t\t<div class=\"elementor-element elementor-element-c139df5 elementor-widget elementor-widget-heading\" data-id=\"c139df5\" data-element_type=\"widget\" data-e-type=\"widget\" data-widget_type=\"heading.default\">\n\t\t\t\t<div class=\"elementor-widget-container\">\n\t\t\t\t\t<h2 class=\"elementor-heading-title elementor-size-default\">Logia El Alba de Levante<\/h2>\t\t\t\t<\/div>\n\t\t\t\t<\/div>\n\t\t\t\t<div class=\"elementor-element elementor-element-0b17b69 elementor-widget elementor-widget-text-editor\" data-id=\"0b17b69\" data-element_type=\"widget\" data-e-type=\"widget\" data-widget_type=\"text-editor.default\">\n\t\t\t\t<div class=\"elementor-widget-container\">\n\t\t\t\t\t\t\t\t\t<p>La R.\u00b7.L.\u00b7. El Alba de Levante pertenece a la Orden Mas\u00f3nica Mixta Internacional Le Droit Humain \u2013 El Derecho Humano, la esencia de los principios de la Francmasoner\u00eda y de la Orden Mas\u00f3nica Mixta Internacional se recogen en los primeros art\u00edculos de la Constituci\u00f3n Internacional que te invitamos a leer.<\/p>\t\t\t\t\t\t\t\t<\/div>\n\t\t\t\t<\/div>\n\t\t\t\t\t<\/div>\n\t\t<\/div>\n\t\t\t\t\t<\/div>\n\t\t<\/section>\n\t\t\t\t<div class=\"elementor-element elementor-element-10c3a07 elementor-widget elementor-widget-heading\" data-id=\"10c3a07\" data-element_type=\"widget\" data-e-type=\"widget\" data-widget_type=\"heading.default\">\n\t\t\t\t<div class=\"elementor-widget-container\">\n\t\t\t\t\t<h2 class=\"elementor-heading-title elementor-size-default\">CONSTITUCI\u00d3N INTERNACIONAL<br>\n(Mayo 2022)<\/h2>\t\t\t\t<\/div>\n\t\t\t\t<\/div>\n\t\t\t\t<div class=\"elementor-element elementor-element-7ae6bfb elementor-widget elementor-widget-heading\" data-id=\"7ae6bfb\" data-element_type=\"widget\" data-e-type=\"widget\" data-widget_type=\"heading.default\">\n\t\t\t\t<div class=\"elementor-widget-container\">\n\t\t\t\t\t<h2 class=\"elementor-heading-title elementor-size-default\">T\u00cdTULO PRIMERO - PRINCIPIOS FUNDADORES<br>DE LA ORDEN MAS\u00d3NICA MIXTA INTERNACIONAL LE DROIT HUMAIN<\/p>\nCap\u00edtulo primero - Declaraci\u00f3n de principios - Definici\u00f3n de la Orden<\/h2>\t\t\t\t<\/div>\n\t\t\t\t<\/div>\n\t\t\t\t<div class=\"elementor-element elementor-element-0ea91be elementor-widget elementor-widget-text-editor\" data-id=\"0ea91be\" data-element_type=\"widget\" data-e-type=\"widget\" data-widget_type=\"text-editor.default\">\n\t\t\t\t<div class=\"elementor-widget-container\">\n\t\t\t\t\t\t\t\t\t<p>Art\u00edculo 1 &#8211; Fundamento de la Orden<br>La Orden Mas\u00f3nica Mixta Internacional LE DROIT HUMAIN afirma la igualdad del hombre y la mujer.<br>Al proclamar LE DROIT HUMAIN, la Orden quiere que todos los seres humanos del mundo logren beneficiarse igualmente de la justicia social en una humanidad organizada en sociedades libres y fraternas.<br><\/p><p><br><\/p><p>Art\u00edculo 2 &#8211; Finalidad de la Orden<br>Compuesta por francmasones fraternalmente unidos en su diversidad, sin distinci\u00f3n de orden social, \u00e9tnico, filos\u00f3fico o religioso, la Orden se impone, para alcanzar este objetivo, un m\u00e9todo ritual y simb\u00f3lico, mediante el cual sus miembros construyen su templo para el progreso y la perfecci\u00f3n de la humanidad.<br><\/p><p><br><\/p><p>Art\u00edculo 3 &#8211; Principios de la Orden<br>Fieles al principio de laicidad, respetuosos de la absoluta libertad de conciencia de cada persona, los miembros de la Orden trabajan para concretar los principios de libertad, igualdad y fraternidad y para lograr para todos los seres humanos el m\u00e1ximo desarrollo moral, intelectual y espiritual, que es la primera condici\u00f3n de la felicidad que es posible alcanzar para cada individuo en una humanidad fraternalmente organizada. En sus acciones, la Orden aspiran a asegurar la armon\u00eda entre los seres<br>humanos y la naturaleza en su conjunto, esencial para nuestra vida y la de nuestros descendientes.<br><\/p><p><br><\/p><p>Art\u00edculo 4 &#8211; Objetivos de la Orden<br>La Orden no profesa ning\u00fan dogma y rechaza todo dogmatismo; trabaja en la b\u00fasqueda de la verdad. Es por ello que, en los talleres, las discusiones o los debates que traten cuestiones pol\u00edticas o religiosas solo pueden tener el objetivo de instruir a sus miembros y permitirles cumplir sus deberes de francmasones con mejor conocimiento de causa.<\/p>\t\t\t\t\t\t\t\t<\/div>\n\t\t\t\t<\/div>\n\t\t\t\t<div class=\"elementor-element elementor-element-c054f30 elementor-widget elementor-widget-spacer\" data-id=\"c054f30\" data-element_type=\"widget\" data-e-type=\"widget\" data-widget_type=\"spacer.default\">\n\t\t\t\t<div class=\"elementor-widget-container\">\n\t\t\t\t\t\t\t<div class=\"elementor-spacer\">\n\t\t\t<div class=\"elementor-spacer-inner\"><\/div>\n\t\t<\/div>\n\t\t\t\t\t\t<\/div>\n\t\t\t\t<\/div>\n\t\t\t\t\t<\/div>\n\t\t<\/div>\n\t\t\t\t\t<\/div>\n\t\t<\/section>\n\t\t\t\t<section class=\"elementor-section elementor-top-section elementor-element elementor-element-bb67842 elementor-section-height-min-height elementor-section-boxed elementor-section-height-default elementor-section-items-middle\" data-id=\"bb67842\" data-element_type=\"section\" data-e-type=\"section\" data-settings=\"{&quot;background_background&quot;:&quot;classic&quot;}\">\n\t\t\t\t\t\t<div class=\"elementor-container elementor-column-gap-default\">\n\t\t\t\t\t<div class=\"elementor-column elementor-col-100 elementor-top-column elementor-element elementor-element-919581f\" data-id=\"919581f\" data-element_type=\"column\" data-e-type=\"column\">\n\t\t\t<div class=\"elementor-widget-wrap elementor-element-populated\">\n\t\t\t\t\t\t<div class=\"elementor-element elementor-element-3b03344 elementor-widget elementor-widget-text-editor\" data-id=\"3b03344\" data-element_type=\"widget\" data-e-type=\"widget\" data-widget_type=\"text-editor.default\">\n\t\t\t\t<div class=\"elementor-widget-container\">\n\t\t\t\t\t\t\t\t\t<p>Todos los Derechos Reservados R.L. El Alba de Levante &#8211; Power by <a href=\"https:\/\/jkpublicidaddigital.com\">JK Publicidad Digital<\/a><\/p>\t\t\t\t\t\t\t\t<\/div>\n\t\t\t\t<\/div>\n\t\t\t\t\t<\/div>\n\t\t<\/div>\n\t\t\t\t\t<\/div>\n\t\t<\/section>\n\t\t\t\t<\/div>\n\t\t","protected":false},"excerpt":{"rendered":"<p>Logia El Alba de Levante La R.\u00b7.L.\u00b7. El Alba de Levante pertenece a la Orden Mas\u00f3nica Mixta Internacional Le Droit Humain \u2013 El Derecho Humano, la esencia de los principios de la Francmasoner\u00eda y de la Orden Mas\u00f3nica Mixta Internacional se recogen en los primeros art\u00edculos de la Constituci\u00f3n Internacional que te invitamos a leer. [&hellip;]<\/p>\n","protected":false},"author":2,"featured_media":0,"parent":0,"menu_order":0,"comment_status":"closed","ping_status":"closed","template":"","meta":{"site-sidebar-layout":"no-sidebar","site-content-layout":"page-builder","ast-site-content-layout":"default","site-content-style":"default","site-sidebar-style":"default","ast-global-header-display":"disabled","ast-banner-title-visibility":"","ast-main-header-display":"","ast-hfb-above-header-display":"","ast-hfb-below-header-display":"","ast-hfb-mobile-header-display":"","site-post-title":"disabled","ast-breadcrumbs-content":"","ast-featured-img":"disabled","footer-sml-layout":"disabled","ast-disable-related-posts":"","theme-transparent-header-meta":"","adv-header-id-meta":"","stick-header-meta":"","header-above-stick-meta":"","header-main-stick-meta":"","header-below-stick-meta":"","astra-migrate-meta-layouts":"default","ast-page-background-enabled":"default","ast-page-background-meta":{"desktop":{"background-color":"var(--ast-global-color-4)","background-image":"","background-repeat":"repeat","background-position":"center center","background-size":"auto","background-attachment":"scroll","background-type":"","background-media":"","overlay-type":"","overlay-color":"","overlay-opacity":"","overlay-gradient":""},"tablet":{"background-color":"","background-image":"","background-repeat":"repeat","background-position":"center center","background-size":"auto","background-attachment":"scroll","background-type":"","background-media":"","overlay-type":"","overlay-color":"","overlay-opacity":"","overlay-gradient":""},"mobile":{"background-color":"","background-image":"","background-repeat":"repeat","background-position":"center center","background-size":"auto","background-attachment":"scroll","background-type":"","background-media":"","overlay-type":"","overlay-color":"","overlay-opacity":"","overlay-gradient":""}},"ast-content-background-meta":{"desktop":{"background-color":"var(--ast-global-color-5)","background-image":"","background-repeat":"repeat","background-position":"center center","background-size":"auto","background-attachment":"scroll","background-type":"","background-media":"","overlay-type":"","overlay-color":"","overlay-opacity":"","overlay-gradient":""},"tablet":{"background-color":"var(--ast-global-color-5)","background-image":"","background-repeat":"repeat","background-position":"center center","background-size":"auto","background-attachment":"scroll","background-type":"","background-media":"","overlay-type":"","overlay-color":"","overlay-opacity":"","overlay-gradient":""},"mobile":{"background-color":"var(--ast-global-color-5)","background-image":"","background-repeat":"repeat","background-position":"center center","background-size":"auto","background-attachment":"scroll","background-type":"","background-media":"","overlay-type":"","overlay-color":"","overlay-opacity":"","overlay-gradient":""}},"footnotes":""},"class_list":["post-1325","page","type-page","status-publish","hentry"],"_links":{"self":[{"href":"https:\/\/dhelalbadelevante.org.es\/index.php?rest_route=\/wp\/v2\/pages\/1325","targetHints":{"allow":["GET"]}}],"collection":[{"href":"https:\/\/dhelalbadelevante.org.es\/index.php?rest_route=\/wp\/v2\/pages"}],"about":[{"href":"https:\/\/dhelalbadelevante.org.es\/index.php?rest_route=\/wp\/v2\/types\/page"}],"author":[{"embeddable":true,"href":"https:\/\/dhelalbadelevante.org.es\/index.php?rest_route=\/wp\/v2\/users\/2"}],"replies":[{"embeddable":true,"href":"https:\/\/dhelalbadelevante.org.es\/index.php?rest_route=%2Fwp%2Fv2%2Fcomments&post=1325"}],"version-history":[{"count":102,"href":"https:\/\/dhelalbadelevante.org.es\/index.php?rest_route=\/wp\/v2\/pages\/1325\/revisions"}],"predecessor-version":[{"id":1570,"href":"https:\/\/dhelalbadelevante.org.es\/index.php?rest_route=\/wp\/v2\/pages\/1325\/revisions\/1570"}],"wp:attachment":[{"href":"https:\/\/dhelalbadelevante.org.es\/index.php?rest_route=%2Fwp%2Fv2%2Fmedia&parent=1325"}],"curies":[{"name":"wp","href":"https:\/\/api.w.org\/{rel}","templated":true}]}}